{"id":4233,"date":"2026-03-22T20:05:47","date_gmt":"2026-03-22T19:05:47","guid":{"rendered":"https:\/\/www.sothcatering.com\/?page_id=4233"},"modified":"2026-03-22T21:15:09","modified_gmt":"2026-03-22T20:15:09","slug":"widerrufsbelehrung","status":"publish","type":"page","link":"https:\/\/www.sothcatering.com\/?page_id=4233","title":{"rendered":"Widerrufsbelehrung"},"content":{"rendered":"\t\t<div data-elementor-type=\"wp-page\" data-elementor-id=\"4233\" class=\"elementor elementor-4233\" data-elementor-post-type=\"page\">\n\t\t\t\t<div class=\"elementor-element elementor-element-1d6c818e e-flex e-con-boxed e-con e-parent\" data-id=\"1d6c818e\" data-element_type=\"container\" data-e-type=\"container\">\n\t\t\t\t\t<div class=\"e-con-inner\">\n\t\t\t\t<div class=\"elementor-element elementor-element-7648a288 elementor-widget elementor-widget-text-editor\" data-id=\"7648a288\" data-element_type=\"widget\" data-e-type=\"widget\" data-widget_type=\"text-editor.default\">\n\t\t\t\t<div class=\"elementor-widget-container\">\n\t\t\t\t\t\t\t\t\t\n<h3 class=\"wp-block-heading\"><strong>Widerrufsbelehrung<\/strong><\/h3>\n\n<p>Verbraucher haben das Recht, binnen vierzehn (14) Tagen ohne Angabe von Gr\u00fcnden diesen Vertrag zu widerrufen.<\/p>\n\n<p>Die Widerrufsfrist betr\u00e4gt vierzehn Tage ab dem Tag des Vertragsabschlusses.<\/p>\n\n<p>Um Ihr Widerrufsrecht auszu\u00fcben, m\u00fcssen Sie uns<br \/>(SOTH Catering, Rampengasse 279, 1190 Wien, E-Mail: <a>info@sothcatering.com<\/a>)<br \/>mittels einer eindeutigen Erkl\u00e4rung (z. B. per E-Mail) \u00fcber Ihren Entschluss, diesen Vertrag zu widerrufen, informieren.<\/p>\n<hr class=\"wp-block-separator has-alpha-channel-opacity\" \/>\n<h2 class=\"wp-block-heading\"><strong>Folgen des Widerrufs<\/strong><\/h2>\n\n<p>Wenn Sie diesen Vertrag widerrufen, haben wir Ihnen alle Zahlungen, die wir von Ihnen erhalten haben, unverz\u00fcglich und sp\u00e4testens binnen vierzehn Tagen ab dem Tag zur\u00fcckzuzahlen, an dem die Mitteilung \u00fcber Ihren Widerruf bei uns eingegangen ist.<\/p>\n<hr class=\"wp-block-separator has-alpha-channel-opacity\" \/>\n<h2 class=\"wp-block-heading\"><strong>Ausschluss bzw. vorzeitiges Erl\u00f6schen des Widerrufsrechts<\/strong><\/h2>\n\n<p>Das Widerrufsrecht besteht nicht bei Vertr\u00e4gen zur Lieferung von Waren,<\/p>\n\n<p>\ud83d\udc49 die schnell verderben k\u00f6nnen oder deren Verfallsdatum schnell \u00fcberschritten w\u00fcrde<br \/>\ud83d\udc49 die individuell nach Kundenwunsch angefertigt werden<\/p>\n\n<p>Da es sich bei unseren Produkten um <strong>frisch zubereitete Lebensmittel<\/strong> handelt, ist ein Widerruf nach Best\u00e4tigung der Bestellung ausgeschlossen.<\/p>\n<hr class=\"wp-block-separator has-alpha-channel-opacity\" \/>\t\t\t\t\t\t\t\t<\/div>\n\t\t\t\t<\/div>\n\t\t\t\t\t<\/div>\n\t\t\t\t<\/div>\n\t\t\t\t<\/div>\n\t\t","protected":false},"excerpt":{"rendered":"<p>Widerrufsbelehrung Verbraucher haben das Recht, binnen vierzehn (14) Tagen ohne Angabe von Gr\u00fcnden diesen Vertrag zu widerrufen. Die Widerrufsfrist betr\u00e4gt vierzehn Tage ab dem Tag des Vertragsabschlusses. Um Ihr Widerrufsrecht auszu\u00fcben, m\u00fcssen Sie uns(SOTH Catering, Rampengasse 279, 1190 Wien, E-Mail: info@sothcatering.com)mittels einer eindeutigen Erkl\u00e4rung (z. B. per E-Mail) \u00fcber Ihren Entschluss, diesen Vertrag zu widerrufen, [&hellip;]<\/p>\n","protected":false},"author":1,"featured_media":0,"parent":0,"menu_order":0,"comment_status":"closed","ping_status":"closed","template":"elementor_canvas","meta":{"footnotes":""},"class_list":["post-4233","page","type-page","status-publish","hentry"],"jetpack_sharing_enabled":true,"_links":{"self":[{"href":"https:\/\/www.sothcatering.com\/index.php?rest_route=\/wp\/v2\/pages\/4233","targetHints":{"allow":["GET"]}}],"collection":[{"href":"https:\/\/www.sothcatering.com\/index.php?rest_route=\/wp\/v2\/pages"}],"about":[{"href":"https:\/\/www.sothcatering.com\/index.php?rest_route=\/wp\/v2\/types\/page"}],"author":[{"embeddable":true,"href":"https:\/\/www.sothcatering.com\/index.php?rest_route=\/wp\/v2\/users\/1"}],"replies":[{"embeddable":true,"href":"https:\/\/www.sothcatering.com\/index.php?rest_route=%2Fwp%2Fv2%2Fcomments&post=4233"}],"version-history":[{"count":7,"href":"https:\/\/www.sothcatering.com\/index.php?rest_route=\/wp\/v2\/pages\/4233\/revisions"}],"predecessor-version":[{"id":4287,"href":"https:\/\/www.sothcatering.com\/index.php?rest_route=\/wp\/v2\/pages\/4233\/revisions\/4287"}],"wp:attachment":[{"href":"https:\/\/www.sothcatering.com\/index.php?rest_route=%2Fwp%2Fv2%2Fmedia&parent=4233"}],"curies":[{"name":"wp","href":"https:\/\/api.w.org\/{rel}","templated":true}]}}