{"id":4055,"date":"2026-01-28T13:50:48","date_gmt":"2026-01-28T12:50:48","guid":{"rendered":"https:\/\/www.sothcatering.com\/?post_type=product&#038;p=4055"},"modified":"2026-04-24T11:37:29","modified_gmt":"2026-04-24T09:37:29","slug":"deluxe-charcuterie-cheese-box","status":"publish","type":"product","link":"https:\/\/www.sothcatering.com\/?product=deluxe-charcuterie-cheese-box","title":{"rendered":"Deluxe Charcuterie Box"},"content":{"rendered":"<p data-start=\"84\" data-end=\"304\"><em>Speisekarte:<\/em> 5 K\u00e4sesorten, 3 Fleischsorten, Antipasti, N\u00fcsse, frisches und getrocknetes Obst, Gem\u00fcse \u2013 dekoriert mit saisonalen Beilagen. Da wir t\u00e4glich frisch und saisonal arbeiten, k\u00f6nnen einzelne Komponenten je nach Verf\u00fcgbarkeit variieren. Vier Packungen Cracker (mit Gluten) sind enthalten. Optional k\u00f6nnen frisch gebackenes Brot, Pinsa, glutenfreies Brot, K\u00e4se-Senf oder Honigwaben hinzugebucht werden.<\/p>\n<p><span style=\"color: #993300;\">Auf Wunsch ist die Box auch als reines Cheese Board ohne Fleisch erh\u00e4ltlich. Die Fleischkomponenten werden dabei durch eine entsprechend gr\u00f6\u00dfere K\u00e4seauswahl ersetzt<\/span>.<\/p>\n<p data-start=\"84\" data-end=\"304\">Reicht f\u00fcr <strong>8 Personen<\/strong>\u00a0(Vorspeisenportion).<br data-start=\"920\" data-end=\"923\" \/>K\u00fchl lagerf\u00e4hig.<\/p>\n<p data-start=\"975\" data-end=\"1192\"><em>Allergene: <\/em><span dir=\"auto\">Unsere Produkte werden t\u00e4glich frisch in unseren K\u00fcchen zubereitet. Wir bem\u00fchen uns, Allergien bestm\u00f6glich zu ber\u00fccksichtigen, jedoch besteht ein erh\u00f6htes Risiko einer Kreuzkontamination. Bitte beachten Sie, dass Spuren aller 14 Allergene in unseren Lebensmitteln enthalten sein k\u00f6nnen: Sellerie, Krustentiere, Eier, Fisch, Gluten, Lupinen, Milch, Weichtiere, Senf, Erdn\u00fcsse, Sesam, Sojabohnen, Schwefeldioxid und Sulfite sowie Schalenfr\u00fcchte.<\/span><\/p>\n<p data-start=\"975\" data-end=\"1192\">Bitte geben Sie Allergien oder besondere Ern\u00e4hrungsw\u00fcnsche bei der Bestellung an. Eine vollst\u00e4ndige Allergenfreiheit k\u00f6nnen wir nicht garantieren.<\/p>\n<p data-start=\"874\" data-end=\"973\">\n","protected":false},"excerpt":{"rendered":"<p data-start=\"975\" data-end=\"1192\">Diese K\u00e4se- und Fleischbox ist ein echtes Geschmackserlebnis. Unsere handgefertigte Bestseller-Deluxe Box vereint feinste K\u00e4se- und Wurstspezialit\u00e4ten in 100 % Qualit\u00e4t von ausgew\u00e4hlten handwerklichen Erzeugern. Inklusive Allergiekarte, Speisekarte und Genusstipps.<\/p>\n","protected":false},"featured_media":3568,"template":"","meta":[],"product_brand":[],"product_cat":[59],"product_tag":[],"class_list":{"0":"post-4055","1":"product","2":"type-product","3":"status-publish","4":"has-post-thumbnail","6":"product_cat-charcuterie-shop","8":"first","9":"instock","10":"taxable","11":"shipping-taxable","12":"purchasable","13":"product-type-simple"},"jetpack_sharing_enabled":true,"_links":{"self":[{"href":"https:\/\/www.sothcatering.com\/index.php?rest_route=\/wp\/v2\/product\/4055","targetHints":{"allow":["GET"]}}],"collection":[{"href":"https:\/\/www.sothcatering.com\/index.php?rest_route=\/wp\/v2\/product"}],"about":[{"href":"https:\/\/www.sothcatering.com\/index.php?rest_route=\/wp\/v2\/types\/product"}],"wp:featuredmedia":[{"embeddable":true,"href":"https:\/\/www.sothcatering.com\/index.php?rest_route=\/wp\/v2\/media\/3568"}],"wp:attachment":[{"href":"https:\/\/www.sothcatering.com\/index.php?rest_route=%2Fwp%2Fv2%2Fmedia&parent=4055"}],"wp:term":[{"taxonomy":"product_brand","embeddable":true,"href":"https:\/\/www.sothcatering.com\/index.php?rest_route=%2Fwp%2Fv2%2Fproduct_brand&post=4055"},{"taxonomy":"product_cat","embeddable":true,"href":"https:\/\/www.sothcatering.com\/index.php?rest_route=%2Fwp%2Fv2%2Fproduct_cat&post=4055"},{"taxonomy":"product_tag","embeddable":true,"href":"https:\/\/www.sothcatering.com\/index.php?rest_route=%2Fwp%2Fv2%2Fproduct_tag&post=4055"}],"curies":[{"name":"wp","href":"https:\/\/api.w.org\/{rel}","templated":true}]}}