{"id":4059,"date":"2026-01-29T04:29:10","date_gmt":"2026-01-29T03:29:10","guid":{"rendered":"https:\/\/www.sothcatering.com\/?post_type=product&#038;p=4059"},"modified":"2026-04-28T22:44:47","modified_gmt":"2026-04-28T20:44:47","slug":"crudites-hummus-platte","status":"publish","type":"product","link":"https:\/\/www.sothcatering.com\/?product=crudites-hummus-platte","title":{"rendered":"Crudit\u00e9s Board"},"content":{"rendered":"<p data-start=\"84\" data-end=\"304\"><em>Speisekarte:<\/em> Unsere Crudit\u00e9s Platte bietet eine bunte Auswahl an knackigem, saisonalem Rohgem\u00fcse, frisch vorbereitet und stilvoll angerichtet. Serviert mit passenden Dips \u2013 leicht, frisch und ideal zum Teilen oder als Vorspeise. Da wir t\u00e4glich frisch und saisonal arbeiten, k\u00f6nnen einzelne Komponenten<\/p>\n<p data-start=\"84\" data-end=\"304\">je nach Verf\u00fcgbarkeit variieren. Optional k\u00f6nnen frisch gebackenes Brot, Pinsa, glutenfreies Brot oder Vegan Brot\u00a0 hinzugebucht werden.<\/p>\n<p data-start=\"84\" data-end=\"304\"><strong data-start=\"571\" data-end=\"637\">Reicht ideal f\u00fcr 4\u20136 Personen (als Vorspeise oder zum Teilen).<\/strong><br data-start=\"637\" data-end=\"640\" \/><em data-start=\"640\" data-end=\"719\">Je nach Appetit und Anlass auch f\u00fcr kleinere Gruppen als Hauptsnack geeignet<\/em><br data-start=\"920\" data-end=\"923\" \/>Ma\u00dfe den Platten\u00a0 <strong data-start=\"937\" data-end=\"955\">30 \u00d7 60 \u00d7 4 cm<\/strong>, k\u00fchl lagerf\u00e4hig. Passt in einen Standardk\u00fchlschrank.<\/p>\n<p data-start=\"975\" data-end=\"1192\"><em>Allergene: <\/em><span dir=\"auto\">Unsere Produkte werden t\u00e4glich frisch in unseren K\u00fcchen zubereitet. Wir bem\u00fchen uns, Allergien bestm\u00f6glich zu ber\u00fccksichtigen, jedoch besteht ein erh\u00f6htes Risiko einer Kreuzkontamination. Bitte beachten Sie, dass Spuren aller 14 Allergene in unseren Lebensmitteln enthalten sein k\u00f6nnen: Sellerie, Krustentiere, Eier, Fisch, Gluten, Lupinen, Milch, Weichtiere, Senf, Erdn\u00fcsse, Sesam, Sojabohnen, Schwefeldioxid und Sulfite sowie Schalenfr\u00fcchte.<\/span><\/p>\n<p data-start=\"975\" data-end=\"1192\">Bitte geben Sie Allergien oder besondere Ern\u00e4hrungsw\u00fcnsche bei der Bestellung an. Eine vollst\u00e4ndige Allergenfreiheit k\u00f6nnen wir nicht garantieren.<\/p>\n<p data-start=\"874\" data-end=\"973\">\n","protected":false},"excerpt":{"rendered":"<p data-start=\"251\" data-end=\"357\">Die Crudit\u00e9s Platte ist perfekt als leichter Snack, Vorspeise oder gesunde Begleitung f\u00fcr jedes Event. Ideal f\u00fcr Ap\u00e9ros, Business-Meetings und Feiern \u2013 frisch, leicht und zum Teilen gemacht. Eine frische, vegane Platte, ideal f\u00fcr Events und als leichte Vorspeise.<\/p>\n<p data-start=\"975\" data-end=\"1192\">Geliefert wird die Platte verzehrfertig auf einem Holzbrett, hygienisch verpackt, inklusive Allergiekarte, Speisekarte und Genusstipps.<\/p>\n","protected":false},"featured_media":4060,"template":"","meta":[],"product_brand":[],"product_cat":[59],"product_tag":[],"class_list":{"0":"post-4059","1":"product","2":"type-product","3":"status-publish","4":"has-post-thumbnail","6":"product_cat-charcuterie-shop","8":"first","9":"instock","10":"taxable","11":"shipping-taxable","12":"purchasable","13":"product-type-simple"},"jetpack_sharing_enabled":true,"_links":{"self":[{"href":"https:\/\/www.sothcatering.com\/index.php?rest_route=\/wp\/v2\/product\/4059","targetHints":{"allow":["GET"]}}],"collection":[{"href":"https:\/\/www.sothcatering.com\/index.php?rest_route=\/wp\/v2\/product"}],"about":[{"href":"https:\/\/www.sothcatering.com\/index.php?rest_route=\/wp\/v2\/types\/product"}],"wp:featuredmedia":[{"embeddable":true,"href":"https:\/\/www.sothcatering.com\/index.php?rest_route=\/wp\/v2\/media\/4060"}],"wp:attachment":[{"href":"https:\/\/www.sothcatering.com\/index.php?rest_route=%2Fwp%2Fv2%2Fmedia&parent=4059"}],"wp:term":[{"taxonomy":"product_brand","embeddable":true,"href":"https:\/\/www.sothcatering.com\/index.php?rest_route=%2Fwp%2Fv2%2Fproduct_brand&post=4059"},{"taxonomy":"product_cat","embeddable":true,"href":"https:\/\/www.sothcatering.com\/index.php?rest_route=%2Fwp%2Fv2%2Fproduct_cat&post=4059"},{"taxonomy":"product_tag","embeddable":true,"href":"https:\/\/www.sothcatering.com\/index.php?rest_route=%2Fwp%2Fv2%2Fproduct_tag&post=4059"}],"curies":[{"name":"wp","href":"https:\/\/api.w.org\/{rel}","templated":true}]}}