{"id":4073,"date":"2026-01-29T12:51:39","date_gmt":"2026-01-29T11:51:39","guid":{"rendered":"https:\/\/www.sothcatering.com\/?post_type=product&#038;p=4073"},"modified":"2026-02-25T20:12:54","modified_gmt":"2026-02-25T19:12:54","slug":"vegetarisch-canapes-box","status":"publish","type":"product","link":"https:\/\/www.sothcatering.com\/?product=vegetarisch-canapes-box","title":{"rendered":"Vegetarisch Canap\u00e9s Box"},"content":{"rendered":"<p data-start=\"416\" data-end=\"449\">Feine Canap\u00e9s mit ausgew\u00e4hlten vegetarischen Spezialit\u00e4ten.<\/p>\n<p data-start=\"416\" data-end=\"449\">Jede Variante wird frisch zubereitet und ansprechend angerichtet.<\/p>\n<p data-start=\"110\" data-end=\"372\"><em>Brie mit ger\u00f6steten Zwiebeln und Himbeeren, Honig und Rosmarin<\/em><br data-start=\"176\" data-end=\"179\" \/>Cremiger Brie, verfeinert mit gemeinsam ger\u00f6steten Zwiebeln und Himbeeren, abgerundet mit feinem Honig und frischem Rosmarin.<br data-start=\"304\" data-end=\"307\" \/><strong data-start=\"307\" data-end=\"319\">Enth\u00e4lt:<\/strong> Glutenhaltiges Getreide (Weizen), Milch (Laktose).<\/p>\n<p data-start=\"374\" data-end=\"590\"><em>Gorgonzola mit gebratener Birne und Nussmix<\/em><br data-start=\"421\" data-end=\"424\" \/>W\u00fcrziger Gorgonzola, kombiniert mit saftig gebratener Birne und ger\u00f6steten N\u00fcssen.<br data-start=\"506\" data-end=\"509\" \/><strong data-start=\"509\" data-end=\"521\">Enth\u00e4lt:<\/strong> Glutenhaltiges Getreide (Weizen), Milch (Laktose), Schalenfr\u00fcchte.<\/p>\n<p data-start=\"592\" data-end=\"765\"><em>Gurkenscheiben mit Hummus und Granatapfelkernen<\/em><br data-start=\"643\" data-end=\"646\" \/>Frische Gurkenscheiben mit cremigem Hummus und fruchtigen Granatapfelkernen \u2013 vegan und leicht.<br data-start=\"741\" data-end=\"744\" \/><strong data-start=\"744\" data-end=\"756\">Enth\u00e4lt:<\/strong> Sesam.<\/p>\n<p data-start=\"767\" data-end=\"1050\"><em>Frischk\u00e4se mit Basilikum-Pesto, Mini-Mozzarella und Cherrytomaten<\/em><br data-start=\"836\" data-end=\"839\" \/>Feiner Frischk\u00e4se mit aromatischem Basilikum-Pesto, Mini-Mozzarella und sonnengereiften Cherrytomaten.<br data-start=\"941\" data-end=\"944\" \/><strong data-start=\"944\" data-end=\"956\">Enth\u00e4lt:<\/strong> Milch (Laktose), Eier, Schalenfr\u00fcchte (z.B. Pinienkerne), Glutenhaltiges Getreide (Weizen).<\/p>\n<p data-start=\"341\" data-end=\"448\">Zu jeder Bestellung erhalten Sie eine Allergenliste, eine Speisekarte sowie unsere Genusstipps.<\/p>\n<p data-start=\"975\" data-end=\"1192\"><em>Allergene: <\/em><span dir=\"auto\">Unsere Produkte werden t\u00e4glich frisch in unseren K\u00fcchen zubereitet. Wir bem\u00fchen uns, Allergien bestm\u00f6glich zu ber\u00fccksichtigen, jedoch besteht ein erh\u00f6htes Risiko einer Kreuzkontamination. Bitte beachten Sie, dass Spuren aller 14 Allergene in unseren Lebensmitteln enthalten sein k\u00f6nnen: Sellerie, Krustentiere, Eier, Fisch, Gluten, Lupinen, Milch, Weichtiere, Senf, Erdn\u00fcsse, Sesam, Sojabohnen, Schwefeldioxid und Sulfite sowie Schalenfr\u00fcchte.<\/span><\/p>\n<p data-start=\"975\" data-end=\"1192\">Bitte geben Sie Allergien oder besondere Ern\u00e4hrungsw\u00fcnsche bei der Bestellung an. Eine vollst\u00e4ndige Allergenfreiheit k\u00f6nnen wir nicht garantieren.<\/p>\n<p data-start=\"874\" data-end=\"973\">\n","protected":false},"excerpt":{"rendered":"<p data-start=\"975\" data-end=\"1192\">Unsere <strong data-start=\"154\" data-end=\"183\">Canap\u00e9s aus Ciabatta Brot Messinez Maubegue dedex France<\/strong>\u00a0 sind fein belegte, mundgerechte H\u00e4ppchen \u2013 perfekt f\u00fcr Empf\u00e4nge, Events, Meetings und Feiern. Knuspriges Baguette trifft auf hochwertige, frisch zubereitete Bel\u00e4ge und sorgt f\u00fcr eleganten Genuss in kleiner Form. Jede Canap\u00e9s wird frisch zubereitet und \u00fcberzeugt durch hochwertige Zutaten, ausgewogene Zusammenstellung und eine ansprechende Pr\u00e4sentation.<\/p>\n<p data-start=\"874\" data-end=\"973\"><em><span style=\"color: #993300;\">Boxinhalt:<\/span> 24 St\u00fcck. Individuelle Sorten auf Anfrage.<\/em><\/p>\n<p data-start=\"874\" data-end=\"973\"><em><span style=\"color: #993300;\">Mindestbestellmenge:<\/span><\/em> 1 Box<\/p>\n","protected":false},"featured_media":4074,"template":"","meta":[],"product_brand":[],"product_cat":[64],"product_tag":[],"class_list":{"0":"post-4073","1":"product","2":"type-product","3":"status-publish","4":"has-post-thumbnail","6":"product_cat-boxen","8":"first","9":"instock","10":"taxable","11":"shipping-taxable","12":"purchasable","13":"product-type-simple"},"jetpack_sharing_enabled":true,"_links":{"self":[{"href":"https:\/\/www.sothcatering.com\/index.php?rest_route=\/wp\/v2\/product\/4073","targetHints":{"allow":["GET"]}}],"collection":[{"href":"https:\/\/www.sothcatering.com\/index.php?rest_route=\/wp\/v2\/product"}],"about":[{"href":"https:\/\/www.sothcatering.com\/index.php?rest_route=\/wp\/v2\/types\/product"}],"wp:featuredmedia":[{"embeddable":true,"href":"https:\/\/www.sothcatering.com\/index.php?rest_route=\/wp\/v2\/media\/4074"}],"wp:attachment":[{"href":"https:\/\/www.sothcatering.com\/index.php?rest_route=%2Fwp%2Fv2%2Fmedia&parent=4073"}],"wp:term":[{"taxonomy":"product_brand","embeddable":true,"href":"https:\/\/www.sothcatering.com\/index.php?rest_route=%2Fwp%2Fv2%2Fproduct_brand&post=4073"},{"taxonomy":"product_cat","embeddable":true,"href":"https:\/\/www.sothcatering.com\/index.php?rest_route=%2Fwp%2Fv2%2Fproduct_cat&post=4073"},{"taxonomy":"product_tag","embeddable":true,"href":"https:\/\/www.sothcatering.com\/index.php?rest_route=%2Fwp%2Fv2%2Fproduct_tag&post=4073"}],"curies":[{"name":"wp","href":"https:\/\/api.w.org\/{rel}","templated":true}]}}