{"id":4077,"date":"2026-01-29T13:18:56","date_gmt":"2026-01-29T12:18:56","guid":{"rendered":"https:\/\/www.sothcatering.com\/?post_type=product&#038;p=4077"},"modified":"2026-02-25T20:34:24","modified_gmt":"2026-02-25T19:34:24","slug":"fisch-canapes-box","status":"publish","type":"product","link":"https:\/\/www.sothcatering.com\/?product=fisch-canapes-box","title":{"rendered":"Fisch Canap\u00e9s Box"},"content":{"rendered":"<p data-start=\"416\" data-end=\"449\">Feine Canap\u00e9s mit ausgew\u00e4hlten Fischspezialit\u00e4ten.<\/p>\n<p data-start=\"416\" data-end=\"449\">Jede Variante wird frisch zubereitet und ansprechend angerichtet.<\/p>\n<p data-start=\"175\" data-end=\"373\"><strong data-start=\"175\" data-end=\"215\">Frischk\u00e4se mit Lachs, Dill und Gurke<\/strong><br data-start=\"215\" data-end=\"218\" \/>Cremiger Frischk\u00e4se, belegt mit feinem Lachs, frischem Dill und knackiger Gurke.<br data-start=\"298\" data-end=\"301\" \/><strong data-start=\"301\" data-end=\"313\">Enth\u00e4lt:<\/strong> Fisch, Milch (Laktose), Glutenhaltiges Getreide (Weizen).<\/p>\n<p data-start=\"375\" data-end=\"606\"><strong data-start=\"375\" data-end=\"420\">Ricotta mit Ei-Senf-Creme, Lachs und Dill<\/strong><br data-start=\"420\" data-end=\"423\" \/>Zarter Ricotta, kombiniert mit einer feinen Ei-Senf-Creme, veredelt mit Lachs und frischem Dill.<br data-start=\"519\" data-end=\"522\" \/><strong data-start=\"522\" data-end=\"534\">Enth\u00e4lt:<\/strong> Fisch, Milch (Laktose), Eier, Senf, Glutenhaltiges Getreide (Weizen).<\/p>\n<p data-start=\"670\" data-end=\"880\"><strong data-start=\"670\" data-end=\"719\">Frischk\u00e4se mit R\u00e4ucherlachs und Zitronenzeste<\/strong><br data-start=\"719\" data-end=\"722\" \/>Feiner R\u00e4ucherlachs auf cremigem Frischk\u00e4se, abgerundet mit frischer Zitronenzeste.<br data-start=\"805\" data-end=\"808\" \/><strong data-start=\"808\" data-end=\"820\">Enth\u00e4lt:<\/strong> Fisch, Milch (Laktose), Glutenhaltiges Getreide (Weizen).<\/p>\n<p data-start=\"882\" data-end=\"1077\"><strong data-start=\"882\" data-end=\"931\">Thunfisch-Creme mit Kapern und roten Zwiebeln<\/strong><br data-start=\"931\" data-end=\"934\" \/>Hausgemachte Thunfisch-Creme mit feinen Kapern und milden roten Zwiebeln.<br data-start=\"1007\" data-end=\"1010\" \/><strong data-start=\"1010\" data-end=\"1022\">Enth\u00e4lt:<\/strong> Fisch, Eier, Senf, Glutenhaltiges Getreide (Weizen).<\/p>\n<p data-start=\"341\" data-end=\"448\">Zu jeder Bestellung erhalten Sie eine Allergenliste, eine Speisekarte sowie unsere Genusstipps.<\/p>\n<p data-start=\"975\" data-end=\"1192\"><em>Allergene: <\/em><span dir=\"auto\">Unsere Produkte werden t\u00e4glich frisch in unseren K\u00fcchen zubereitet. Wir bem\u00fchen uns, Allergien bestm\u00f6glich zu ber\u00fccksichtigen, jedoch besteht ein erh\u00f6htes Risiko einer Kreuzkontamination. Bitte beachten Sie, dass Spuren aller 14 Allergene in unseren Lebensmitteln enthalten sein k\u00f6nnen: Sellerie, Krustentiere, Eier, Fisch, Gluten, Lupinen, Milch, Weichtiere, Senf, Erdn\u00fcsse, Sesam, Sojabohnen, Schwefeldioxid und Sulfite sowie Schalenfr\u00fcchte.<\/span><\/p>\n<p data-start=\"975\" data-end=\"1192\">Bitte geben Sie Allergien oder besondere Ern\u00e4hrungsw\u00fcnsche bei der Bestellung an. Eine vollst\u00e4ndige Allergenfreiheit k\u00f6nnen wir nicht garantieren.<\/p>\n<p data-start=\"874\" data-end=\"973\">\n","protected":false},"excerpt":{"rendered":"<p data-start=\"975\" data-end=\"1192\">Unsere <strong data-start=\"154\" data-end=\"183\">Canap\u00e9s aus Ciabatta Brot Messinez Maubegue dedex France<\/strong>\u00a0sind fein belegte, mundgerechte H\u00e4ppchen \u2013 perfekt f\u00fcr Empf\u00e4nge, Events, Meetings und Feiern. Knuspriges Baguette trifft auf hochwertige, frisch zubereitete Bel\u00e4ge und sorgt f\u00fcr eleganten Genuss in kleiner Form. Jede Canap\u00e9s wird frisch zubereitet und \u00fcberzeugt durch hochwertige Zutaten, ausgewogene Zusammenstellung und eine ansprechende Pr\u00e4sentation.<\/p>\n<p data-start=\"874\" data-end=\"973\"><em><span style=\"color: #993300;\">Boxinhalt:<\/span> 24 St\u00fcck. Individuelle Sorten auf Anfrage.<\/em><\/p>\n<p data-start=\"874\" data-end=\"973\"><em><span style=\"color: #993300;\">Mindestbestellmenge:<\/span><\/em> 2 Boxen<\/p>\n","protected":false},"featured_media":4078,"template":"","meta":[],"product_brand":[],"product_cat":[64],"product_tag":[],"class_list":{"0":"post-4077","1":"product","2":"type-product","3":"status-publish","4":"has-post-thumbnail","6":"product_cat-boxen","8":"first","9":"instock","10":"taxable","11":"shipping-taxable","12":"purchasable","13":"product-type-simple"},"jetpack_sharing_enabled":true,"_links":{"self":[{"href":"https:\/\/www.sothcatering.com\/index.php?rest_route=\/wp\/v2\/product\/4077","targetHints":{"allow":["GET"]}}],"collection":[{"href":"https:\/\/www.sothcatering.com\/index.php?rest_route=\/wp\/v2\/product"}],"about":[{"href":"https:\/\/www.sothcatering.com\/index.php?rest_route=\/wp\/v2\/types\/product"}],"wp:featuredmedia":[{"embeddable":true,"href":"https:\/\/www.sothcatering.com\/index.php?rest_route=\/wp\/v2\/media\/4078"}],"wp:attachment":[{"href":"https:\/\/www.sothcatering.com\/index.php?rest_route=%2Fwp%2Fv2%2Fmedia&parent=4077"}],"wp:term":[{"taxonomy":"product_brand","embeddable":true,"href":"https:\/\/www.sothcatering.com\/index.php?rest_route=%2Fwp%2Fv2%2Fproduct_brand&post=4077"},{"taxonomy":"product_cat","embeddable":true,"href":"https:\/\/www.sothcatering.com\/index.php?rest_route=%2Fwp%2Fv2%2Fproduct_cat&post=4077"},{"taxonomy":"product_tag","embeddable":true,"href":"https:\/\/www.sothcatering.com\/index.php?rest_route=%2Fwp%2Fv2%2Fproduct_tag&post=4077"}],"curies":[{"name":"wp","href":"https:\/\/api.w.org\/{rel}","templated":true}]}}