{"id":4084,"date":"2026-01-29T13:39:31","date_gmt":"2026-01-29T12:39:31","guid":{"rendered":"https:\/\/www.sothcatering.com\/?post_type=product&#038;p=4084"},"modified":"2026-02-25T20:14:28","modified_gmt":"2026-02-25T19:14:28","slug":"mix-canapes-box","status":"publish","type":"product","link":"https:\/\/www.sothcatering.com\/?product=mix-canapes-box","title":{"rendered":"Mix Canap\u00e9s Box"},"content":{"rendered":"<p data-start=\"416\" data-end=\"449\">Feine Canap\u00e9s mit ausgew\u00e4hlten Fisch-, Fleisch- und vegetarischen Spezialit\u00e4ten.<\/p>\n<p data-start=\"416\" data-end=\"449\">Jede Variante wird frisch zubereitet und ansprechend angerichtet.<\/p>\n<p data-start=\"341\" data-end=\"448\">Zu jeder Bestellung erhalten Sie eine Allergenliste, eine Speisekarte sowie unsere Genusstipps.<\/p>\n<p data-start=\"975\" data-end=\"1192\"><em>Allergene: <\/em><span dir=\"auto\">Unsere Produkte werden t\u00e4glich frisch in unseren K\u00fcchen zubereitet. Wir bem\u00fchen uns, Allergien bestm\u00f6glich zu ber\u00fccksichtigen, jedoch besteht ein erh\u00f6htes Risiko einer Kreuzkontamination. Bitte beachten Sie, dass Spuren aller 14 Allergene in unseren Lebensmitteln enthalten sein k\u00f6nnen: Sellerie, Krustentiere, Eier, Fisch, Gluten, Lupinen, Milch, Weichtiere, Senf, Erdn\u00fcsse, Sesam, Sojabohnen, Schwefeldioxid und Sulfite sowie Schalenfr\u00fcchte.<\/span><\/p>\n<p data-start=\"975\" data-end=\"1192\">Bitte geben Sie Allergien oder besondere Ern\u00e4hrungsw\u00fcnsche bei der Bestellung an. Eine vollst\u00e4ndige Allergenfreiheit k\u00f6nnen wir nicht garantieren.<\/p>\n<p data-start=\"874\" data-end=\"973\">\n","protected":false},"excerpt":{"rendered":"<p data-start=\"975\" data-end=\"1192\">Unsere <strong data-start=\"154\" data-end=\"183\">Canap\u00e9s aus Ciabatta Brot Messinez Maubegue dedex France<\/strong>\u00a0sind fein belegte, mundgerechte H\u00e4ppchen \u2013 perfekt f\u00fcr Empf\u00e4nge, Events, Meetings und Feiern. Knuspriges Baguette trifft auf hochwertige, frisch zubereitete Bel\u00e4ge und sorgt f\u00fcr eleganten Genuss in kleiner Form. Jede Canap\u00e9s wird frisch zubereitet und \u00fcberzeugt durch hochwertige Zutaten, ausgewogene Zusammenstellung und eine ansprechende Pr\u00e4sentation.<\/p>\n<p data-start=\"874\" data-end=\"973\"><em><span style=\"color: #993300;\">Boxinhalt:<\/span> 24 St\u00fcck. Individuelle Sorten auf Anfrage.<\/em><\/p>\n<p data-start=\"874\" data-end=\"973\"><em><span style=\"color: #993300;\">Mindestbestellmenge:<\/span><\/em> 1 Box<\/p>\n","protected":false},"featured_media":4087,"template":"","meta":[],"product_brand":[],"product_cat":[64],"product_tag":[],"class_list":{"0":"post-4084","1":"product","2":"type-product","3":"status-publish","4":"has-post-thumbnail","6":"product_cat-boxen","8":"first","9":"instock","10":"taxable","11":"shipping-taxable","12":"purchasable","13":"product-type-simple"},"jetpack_sharing_enabled":true,"_links":{"self":[{"href":"https:\/\/www.sothcatering.com\/index.php?rest_route=\/wp\/v2\/product\/4084","targetHints":{"allow":["GET"]}}],"collection":[{"href":"https:\/\/www.sothcatering.com\/index.php?rest_route=\/wp\/v2\/product"}],"about":[{"href":"https:\/\/www.sothcatering.com\/index.php?rest_route=\/wp\/v2\/types\/product"}],"wp:featuredmedia":[{"embeddable":true,"href":"https:\/\/www.sothcatering.com\/index.php?rest_route=\/wp\/v2\/media\/4087"}],"wp:attachment":[{"href":"https:\/\/www.sothcatering.com\/index.php?rest_route=%2Fwp%2Fv2%2Fmedia&parent=4084"}],"wp:term":[{"taxonomy":"product_brand","embeddable":true,"href":"https:\/\/www.sothcatering.com\/index.php?rest_route=%2Fwp%2Fv2%2Fproduct_brand&post=4084"},{"taxonomy":"product_cat","embeddable":true,"href":"https:\/\/www.sothcatering.com\/index.php?rest_route=%2Fwp%2Fv2%2Fproduct_cat&post=4084"},{"taxonomy":"product_tag","embeddable":true,"href":"https:\/\/www.sothcatering.com\/index.php?rest_route=%2Fwp%2Fv2%2Fproduct_tag&post=4084"}],"curies":[{"name":"wp","href":"https:\/\/api.w.org\/{rel}","templated":true}]}}